{"id":8123,"date":"2025-02-20T14:33:21","date_gmt":"2025-02-20T05:33:21","guid":{"rendered":"https:\/\/www.nikkidenso.co.jp\/cms\/?page_id=8123"},"modified":"2025-04-16T20:11:17","modified_gmt":"2025-04-16T11:11:17","slug":"inquiry","status":"publish","type":"page","link":"https:\/\/www.nikkidenso.co.jp\/zh\/information\/inquiry\/","title":{"rendered":"\u54a8\u8be2\u8868\u5355"},"content":{"rendered":"\n<section class=\"wp-block-snow-monkey-blocks-section smb-section smb-section--fit c-mv\"><div class=\"smb-section__inner\"><div class=\"c-container\"><div class=\"smb-section__contents-wrapper\"><div class=\"smb-section__header\"><h1 class=\"smb-section__title\">\u54a8\u8be2\u8868\u5355<\/h1><\/div><div class=\"smb-section__body is-layout-constrained wp-block-section-is-layout-constrained\"><\/div><\/div><\/div><\/div><\/section>\n\n\n\n<section class=\"wp-block-snow-monkey-blocks-section smb-section smb-section--fit\"><div class=\"smb-section__inner\"><div class=\"c-container\"><div class=\"smb-section__contents-wrapper\"><div class=\"smb-section__body is-layout-constrained wp-block-section-is-layout-constrained\">\n<!-- Start : [slug] => template-parts\/common\/breadcrumbs [name] =>  [template-slug] => template-parts\/common\/breadcrumbs -->\n\n<div class=\"p-breadcrumbs-wrapper\">\n\t<ol class=\"c-breadcrumbs\" itemscope itemtype=\"http:\/\/schema.org\/BreadcrumbList\">\n\t\t\t\t\t\t\t\t<li\n\t\t\t\tclass=\"c-breadcrumbs__item\"\n\t\t\t\titemprop=\"itemListElement\"\n\t\t\t\titemscope\n\t\t\t\titemtype=\"http:\/\/schema.org\/ListItem\"\n\t\t\t>\n\t\t\t\t<a\n\t\t\t\t\titemscope\n\t\t\t\t\titemtype=\"http:\/\/schema.org\/Thing\"\n\t\t\t\t\titemprop=\"item\"\n\t\t\t\t\thref=\"https:\/\/www.nikkidenso.co.jp\/\"\n\t\t\t\t\titemid=\"https:\/\/www.nikkidenso.co.jp\/\"\n\t\t\t\t\t\t\t\t\t\t\taria-current=\"page\"\n\t\t\t\t\t\t\t\t\t>\n\t\t\t\t\t<span itemprop=\"name\">\u9996\u9875<\/span>\n\t\t\t\t<\/a>\n\t\t\t\t<meta itemprop=\"position\" content=\"1\" \/>\n\t\t\t<\/li>\n\t\t\t<\/ol>\n<\/div>\n\n<!-- End : [slug] => template-parts\/common\/breadcrumbs [name] =>  [template-slug] => template-parts\/common\/breadcrumbs -->\n\n<\/div><\/div><\/div><\/div><\/section>\n\n\n\n<div class=\"wp-block-snow-monkey-blocks-section smb-section smb-section--fit\"><div class=\"smb-section__inner\"><div class=\"c-container\"><div class=\"smb-section__contents-wrapper\"><div class=\"smb-section__body is-layout-constrained wp-block-section-is-layout-constrained\">\n<h2 class=\"wp-block-heading\">\u54a8\u8be2\u5185\u5bb9\u586b\u5199<\/h2>\n\n\n\n<p>\u5e26\u6709<span class=\"sme-text-color has-sm-sub-accent-color\">*<\/span>\u9879\u4e3a\u5fc5\u586b\u9879<\/p>\n\n\n\n<form class=\"snow-monkey-form\" id=\"snow-monkey-form-12808\" method=\"post\" action=\"\"  enctype=\"multipart\/form-data\" data-screen=\"loading\">\n\t<div class=\"smf-focus-point\" aria-hidden=\"true\"><\/div>\n\n\t\n\t\n<div class=\"smf-form\">\n<h3 class=\"wp-block-heading\">\u8bf7\u9009\u62e9\u67e5\u8be2\u9879\u76ee\u3002<span class=\"sme-text-color has-sm-sub-accent-color\">*<\/span><\/h3>\n\n\n\n<div class=\"wp-block-snow-monkey-forms-item smf-item\"><div class=\"smf-item__col smf-item__col--label\"><div class=\"smf-item__label\"><span class=\"smf-item__label__text\"><\/span><\/div><\/div><div class=\"smf-item__col smf-item__col--controls\"><div class=\"smf-item__controls\">\n<div class=\"smf-placeholder\" data-name=\"catalog\"><div class=\"smf-radio-buttons-control\">\n\t\t\t\t\t<div class=\"smf-radio-buttons-control__control\" ><div class=\"smf-label\">\n\t\t\t\t<label>\n\t\t\t\t\t<span class=\"smf-radio-button-control\">\n\t\t\t\t\t\t<input type=\"radio\" name=\"catalog\" value=\"\u5173\u4e8e\u4ea7\u54c1\u7684\u67e5\u8be2\t\" class=\"smf-radio-button-control__control\">\n\t\t\t\t\t\t<span class=\"smf-radio-button-control__label\">\u5173\u4e8e\u4ea7\u54c1\u7684\u67e5\u8be2\t<\/span>\n\t\t\t\t\t<\/span>\n\t\t\t\t<\/label>\n\t\t\t<\/div><div class=\"smf-label\">\n\t\t\t\t<label>\n\t\t\t\t\t<span class=\"smf-radio-button-control\">\n\t\t\t\t\t\t<input type=\"radio\" name=\"catalog\" value=\"\u5173\u4e8e\u4ea4\u8d27\u671f\u548c\u4f30\u4ef7\u7684\u67e5\u8be2\t\" class=\"smf-radio-button-control__control\">\n\t\t\t\t\t\t<span class=\"smf-radio-button-control__label\">\u5173\u4e8e\u4ea4\u8d27\u671f\u548c\u4f30\u4ef7\u7684\u67e5\u8be2\t<\/span>\n\t\t\t\t\t<\/span>\n\t\t\t\t<\/label>\n\t\t\t<\/div><div class=\"smf-label\">\n\t\t\t\t<label>\n\t\t\t\t\t<span class=\"smf-radio-button-control\">\n\t\t\t\t\t\t<input type=\"radio\" name=\"catalog\" value=\"\u5173\u4e8e\u6545\u969c\u6216\u4fee\u7406\u7684\u67e5\u8be2\t\" class=\"smf-radio-button-control__control\">\n\t\t\t\t\t\t<span class=\"smf-radio-button-control__label\">\u5173\u4e8e\u6545\u969c\u6216\u4fee\u7406\u7684\u67e5\u8be2\t<\/span>\n\t\t\t\t\t<\/span>\n\t\t\t\t<\/label>\n\t\t\t<\/div><div class=\"smf-label\">\n\t\t\t\t<label>\n\t\t\t\t\t<span class=\"smf-radio-button-control\">\n\t\t\t\t\t\t<input type=\"radio\" name=\"catalog\" value=\"\u4ea7\u54c1\u9009\u5b9a\u8bf7\u6c42\t\" class=\"smf-radio-button-control__control\">\n\t\t\t\t\t\t<span class=\"smf-radio-button-control__label\">\u4ea7\u54c1\u9009\u5b9a\u8bf7\u6c42\t<\/span>\n\t\t\t\t\t<\/span>\n\t\t\t\t<\/label>\n\t\t\t<\/div><\/div>\n\t\t\t\t<\/div>\n\t\t\t\t<\/div>\n<\/div><\/div><\/div>\n\n\n\n<div class=\"wp-block-snow-monkey-forms-item smf-item\"><div class=\"smf-item__col smf-item__col--label\"><div class=\"smf-item__label\"><span class=\"smf-item__label__text\">\u4e0a\u4f20\u8981\u6c42\u89c4\u683c\u8bb0\u8f7d\u8868<\/span><\/div><\/div><div class=\"smf-item__col smf-item__col--controls\"><div class=\"smf-item__controls\">\n<div class=\"smf-placeholder\" data-name=\"urs\"><div class=\"smf-file-control \">\n\t\t\t\t<label tabindex=\"0\">\n\t\t\t\t\t<input type=\"file\" name=\"urs\" class=\"smf-file-control__control\" data-validations=\"uploaded\">\n\t\t\t\t\t<span class=\"smf-file-control__label\">\u4e0a\u4f20<\/span>\n\t\t\t\t\t<span class=\"smf-file-control__filename smf-file-control__filename--no-file\">No file chosen<\/span>\n\t\t\t\t\t<span class=\"smf-file-control__filename smf-file-control__filename--has-file\"><\/span>\n\t\t\t\t<\/label>\n\t\t\t\t<span class=\"smf-file-control__clear\">Clear<\/span>\n\t\t\t<\/div>\n\t\t\t\n\t\t\t<\/div>\n\n\n\n<p>\u203b\u8981\u6c42\u89c4\u683c\u8bb0\u8f7d\u8868\uff08Excel\uff09\u8bf7\u4ece<a href=\"\/zh\/support\/consultation\/\" target=\"_blank\" rel=\"noreferrer noopener\">\u59d4\u6258\u4ea7\u54c1\u9009\u5b9a<\/a>\u8fdb\u884c\u4e0b\u8f7d\u3002<br>\u203b\u6bcf\u6b21\u67e5\u8be2\u53ef\u4ee5\u4e0a\u4f20\u7684\u8981\u6c42\u89c4\u683c\u8bb0\u8f7d\u8868\u4ec5\u9650\u4e00\u4efd\u3002\u82e5\u6709\u591a\u4efd\uff0c\u5219\u8bf7\u518d\u6b21\u67e5\u8be2\u3002<\/p>\n\n\n\n<p>\u203b\u8bf7\u52ff\u66f4\u6539\u6587\u4ef6\u6269\u5c55\u540d\uff0c\u5e76\u786e\u4fdd\u6587\u4ef6\u5927\u5c0f\u5728<strong>10MB<\/strong>\u4ee5\u5185\u4e0a\u4f20\u3002<\/p>\n<\/div><\/div><\/div>\n\n\n\n<div class=\"wp-block-snow-monkey-forms-item smf-item\"><div class=\"smf-item__col smf-item__col--label\"><div class=\"smf-item__label\"><span class=\"smf-item__label__text\"><\/span><\/div><\/div><div class=\"smf-item__col smf-item__col--controls\"><div class=\"smf-item__controls\">\n<div class=\"smf-placeholder\" data-name=\"catalog\"><div class=\"smf-radio-buttons-control\">\n\t\t\t\t\t<div class=\"smf-radio-buttons-control__control\" ><div class=\"smf-label\">\n\t\t\t\t<label>\n\t\t\t\t\t<span class=\"smf-radio-button-control\">\n\t\t\t\t\t\t<input type=\"radio\" name=\"catalog\" value=\"\u8d44\u6599\u5bc4\u53d1\u8bf7\u6c42\" class=\"smf-radio-button-control__control\">\n\t\t\t\t\t\t<span class=\"smf-radio-button-control__label\">\u8d44\u6599\u5bc4\u53d1\u8bf7\u6c42<\/span>\n\t\t\t\t\t<\/span>\n\t\t\t\t<\/label>\n\t\t\t<\/div><\/div>\n\t\t\t\t<\/div>\n\t\t\t\t<\/div>\n<\/div><\/div><\/div>\n\n\n\n<div class=\"wp-block-snow-monkey-forms-item smf-item\"><div class=\"smf-item__col smf-item__col--label\"><div class=\"smf-item__label\"><span class=\"smf-item__label__text\"><\/span><\/div><\/div><div class=\"smf-item__col smf-item__col--controls\"><div class=\"smf-item__controls\">\n<div class=\"smf-placeholder\" data-name=\"catalog\"><div class=\"smf-radio-buttons-control\">\n\t\t\t\t\t<div class=\"smf-radio-buttons-control__control\" ><div class=\"smf-label\">\n\t\t\t\t<label>\n\t\t\t\t\t<span class=\"smf-radio-button-control\">\n\t\t\t\t\t\t<input type=\"radio\" name=\"catalog\" value=\"\u5176\u4ed6\u67e5\u8be2\" class=\"smf-radio-button-control__control\">\n\t\t\t\t\t\t<span class=\"smf-radio-button-control__label\">\u5176\u4ed6\u67e5\u8be2<\/span>\n\t\t\t\t\t<\/span>\n\t\t\t\t<\/label>\n\t\t\t<\/div><\/div>\n\t\t\t\t<\/div>\n\t\t\t\t<\/div>\n\n\n\n<p>\u203b\u8bf7\u5728\u67e5\u8be2\u5185\u5bb9\u680f\u4e2d\u8f93\u5165\u8be6\u60c5\u3002<\/p>\n<\/div><\/div><\/div>\n\n\n\n<h3 class=\"wp-block-heading\">\u8bf7\u8f93\u5165\u5ba2\u6237\u4fe1\u606f<\/h3>\n\n\n\n<div class=\"wp-block-snow-monkey-forms-item smf-item\"><div class=\"smf-item__col smf-item__col--label\"><div class=\"smf-item__label\"><span class=\"smf-item__label__text\">\u59d3\u540d<span class=\"sme-text-color has-sm-sub-accent-color\">*<\/span><\/span><\/div><\/div><div class=\"smf-item__col smf-item__col--controls\"><div class=\"smf-item__controls\">\n<div class=\"smf-placeholder\" data-name=\"first_name\"><div class=\"smf-text-control\">\n\t\t\t\t<input type=\"text\" name=\"first_name\" value=\"\" placeholder=\"\u4f8b\u5982\uff1a\u65e5\u673a \u592a\u90ce\" class=\"smf-text-control__control validate[required]\">\n\t\t\t<\/div>\n\t\t\t<\/div>\n<\/div><\/div><\/div>\n\n\n\n<div class=\"wp-block-snow-monkey-forms-item smf-item\"><div class=\"smf-item__col smf-item__col--label\"><div class=\"smf-item__label\"><span class=\"smf-item__label__text\">\u62fc\u97f3<span class=\"sme-text-color has-sm-sub-accent-color\">*<\/span><\/span><\/div><\/div><div class=\"smf-item__col smf-item__col--controls\"><div class=\"smf-item__controls\">\n<div class=\"smf-placeholder\" data-name=\"kana\"><div class=\"smf-text-control\">\n\t\t\t\t<input type=\"text\" name=\"kana\" value=\"\" placeholder=\"\u4f8b\u5982\uff1aR\u00ecj\u012b T\u00e0il\u00e1ng\" class=\"smf-text-control__control validate[required]\">\n\t\t\t<\/div>\n\t\t\t<\/div>\n<\/div><\/div><\/div>\n\n\n\n<div class=\"wp-block-snow-monkey-forms-item smf-item\"><div class=\"smf-item__col smf-item__col--label\"><div class=\"smf-item__label\"><span class=\"smf-item__label__text\">\u7535\u5b50\u90ae\u4ef6<span class=\"sme-text-color has-sm-sub-accent-color\">*<\/span><\/span><\/div><\/div><div class=\"smf-item__col smf-item__col--controls\"><div class=\"smf-item__controls\">\n<div class=\"smf-placeholder\" data-name=\"user_email\"><div class=\"smf-text-control\">\n\t\t\t\t<input type=\"email\" autocomplete=\"email\" name=\"user_email\" value=\"\" placeholder=\"\u4f8b\u5982\uff1aexample@nikkidenso.co.jp\" id=\"user_email\" class=\"smf-text-control__control  validate[required,custom[email]]\" data-validations=\"email\">\n\t\t\t<\/div>\n\t\t\t<\/div>\n\n\n\n<p class=\"form_note\">\u8bf7\u4ee5\u7528\u534a\u89d2\u82f1\u6587\u6570\u5b57\u8fdb\u884c\u586b\u5199<\/p>\n<\/div><\/div><\/div>\n\n\n\n<div class=\"wp-block-snow-monkey-forms-item smf-item\"><div class=\"smf-item__col smf-item__col--label\"><div class=\"smf-item__label\"><span class=\"smf-item__label__text\">\u90ae\u4ef6\u5730\u5740\uff08\u7528\u4e8e\u786e\u8ba4\uff09<span class=\"sme-text-color has-sm-sub-accent-color\">*<\/span><\/span><\/div><\/div><div class=\"smf-item__col smf-item__col--controls\"><div class=\"smf-item__controls\">\n<div class=\"smf-placeholder\" data-name=\"confirm_email\"><div class=\"smf-text-control\">\n\t\t\t\t<input type=\"email\" autocomplete=\"email\" name=\"confirm_email\" value=\"\" placeholder=\"\u4f8b\u5982\uff1aexample@nikkidenso.co.jp\" id=\"confirm_email\" class=\"smf-text-control__control  validate[required,custom[email,equals[user_email]]]\" data-validations=\"email\">\n\t\t\t<\/div>\n\t\t\t<\/div>\n\n\n\n<p class=\"form_note\">\u8bf7\u4ee5\u7528\u534a\u89d2\u82f1\u6587\u6570\u5b57\u8fdb\u884c\u586b\u5199<\/p>\n<\/div><\/div><\/div>\n\n\n\n<div class=\"wp-block-snow-monkey-forms-item smf-item\"><div class=\"smf-item__col smf-item__col--label\"><div class=\"smf-item__label\"><span class=\"smf-item__label__text\">\u516c\u53f8\u540d\u79f0<span class=\"sme-text-color has-sm-sub-accent-color\">*<\/span><\/span><\/div><\/div><div class=\"smf-item__col smf-item__col--controls\"><div class=\"smf-item__controls\">\n<div class=\"smf-placeholder\" data-name=\"company\"><div class=\"smf-text-control\">\n\t\t\t\t<input type=\"text\" name=\"company\" value=\"\" placeholder=\"\u4f8b\u5982\uff1a\u559c\u5f00\u7406\u65e5\u673a\u7535\u88c5\u682a\u5f0f\u4f1a\u793e\" class=\"smf-text-control__control  validate[required]\">\n\t\t\t<\/div>\n\t\t\t<\/div>\n<\/div><\/div><\/div>\n\n\n\n<div class=\"wp-block-snow-monkey-forms-item smf-item\"><div class=\"smf-item__col smf-item__col--label\"><div class=\"smf-item__label\"><span class=\"smf-item__label__text\">\u90e8\u95e8\u540d\u79f0<\/span><\/div><\/div><div class=\"smf-item__col smf-item__col--controls\"><div class=\"smf-item__controls\">\n<div class=\"smf-placeholder\" data-name=\"section\"><div class=\"smf-text-control\">\n\t\t\t\t<input type=\"text\" name=\"section\" value=\"\" placeholder=\"\u4f8b\u5982\uff1a\u6280\u672f\u90e8\" class=\"smf-text-control__control\">\n\t\t\t<\/div>\n\t\t\t<\/div>\n<\/div><\/div><\/div>\n\n\n\n<div class=\"wp-block-snow-monkey-forms-item smf-item\"><div class=\"smf-item__col smf-item__col--label\"><div class=\"smf-item__label\"><span class=\"smf-item__label__text\">\u804c\u4f4d<\/span><\/div><\/div><div class=\"smf-item__col smf-item__col--controls\"><div class=\"smf-item__controls\">\n<div class=\"smf-placeholder\" data-name=\"title\"><div class=\"smf-text-control\">\n\t\t\t\t<input type=\"text\" name=\"title\" value=\"\" placeholder=\"\u4f8b\u5982\uff1a\u90e8\u957f\" class=\"smf-text-control__control\">\n\t\t\t<\/div>\n\t\t\t<\/div>\n<\/div><\/div><\/div>\n\n\n\n<div class=\"wp-block-snow-monkey-forms-item smf-item\"><div class=\"smf-item__col smf-item__col--label\"><div class=\"smf-item__label\"><span class=\"smf-item__label__text\">\u884c\u4e1a<span class=\"sme-text-color has-sm-sub-accent-color\">*<\/span><\/span><\/div><\/div><div class=\"smf-item__col smf-item__col--controls\"><div class=\"smf-item__controls\">\n<div class=\"smf-placeholder\" data-name=\"industry\"><div class=\"smf-select-control\">\n\t\t\t\t<select name=\"industry\" class=\"smf-select-control__control  validate[required]\"><option value=\"\" selected=\"1\">\u8bf7\u9009\u62e9\u4ee5\u4e0b\u9009\u9879<\/option><option value=\"\u534a\u5bfc\u4f53\u5236\u9020\u88c5\u7f6e\">\u534a\u5bfc\u4f53\u5236\u9020\u88c5\u7f6e<\/option><option value=\"\u6db2\u6676\u5236\u9020\u88c5\u7f6e\">\u6db2\u6676\u5236\u9020\u88c5\u7f6e<\/option><option value=\"\u7535\u5b50\u90e8\u4ef6\u5236\u9020\u88c5\u7f6e\">\u7535\u5b50\u90e8\u4ef6\u5236\u9020\u88c5\u7f6e<\/option><option value=\"\u673a\u5e8a\">\u673a\u5e8a<\/option><option value=\"\u6210\u578b\u673a\u3001\u8d34\u88c5\u673a\">\u6210\u578b\u673a\u3001\u8d34\u88c5\u673a<\/option><option value=\"\u5377\u7ed5\u3001\u62c9\u4e1d\u3001\u8f67\u5236\u673a\u68b0\">\u5377\u7ed5\u3001\u62c9\u4e1d\u3001\u8f67\u5236\u673a\u68b0<\/option><option value=\"\u5370\u5237\u673a\u68b0\">\u5370\u5237\u673a\u68b0<\/option><option value=\"\u98df\u54c1\u3001\u5305\u88c5\u673a\u68b0\">\u98df\u54c1\u3001\u5305\u88c5\u673a\u68b0<\/option><option value=\"\u533b\u7597\u3001\u5236\u836f\u76f8\u5173\u88c5\u7f6e\">\u533b\u7597\u3001\u5236\u836f\u76f8\u5173\u88c5\u7f6e<\/option><option value=\"\u8ba1\u6d4b\u3001\u63a7\u5236\u88c5\u7f6e\">\u8ba1\u6d4b\u3001\u63a7\u5236\u88c5\u7f6e<\/option><option value=\"\u5176\u4ed6\u673a\u68b0\u88c5\u7f6e\">\u5176\u4ed6\u673a\u68b0\u88c5\u7f6e<\/option><option value=\"\u6c7d\u8f66\u3001\u6c7d\u8f66\u90e8\u4ef6\">\u6c7d\u8f66\u3001\u6c7d\u8f66\u90e8\u4ef6<\/option><option value=\"\u7535\u6c14\u3001\u7535\u5b50\u3001\u7cbe\u5bc6\u8bbe\u5907\">\u7535\u6c14\u3001\u7535\u5b50\u3001\u7cbe\u5bc6\u8bbe\u5907<\/option><option value=\"\u91d1\u5c5e\u3001\u94a2\u94c1\u3001\u6750\u6599\u3001\u5316\u5b66\">\u91d1\u5c5e\u3001\u94a2\u94c1\u3001\u6750\u6599\u3001\u5316\u5b66<\/option><option value=\"\u98df\u54c1\u3001\u533b\u836f\u54c1\">\u98df\u54c1\u3001\u533b\u836f\u54c1<\/option><option value=\"\u5176\u4ed6\u5236\u9020\">\u5176\u4ed6\u5236\u9020<\/option><option value=\"\u5efa\u8bbe\u3001\u5efa\u7b51\u4e1a\">\u5efa\u8bbe\u3001\u5efa\u7b51\u4e1a<\/option><option value=\"\u8bbe\u8ba1\u3001\u54a8\u8be2\">\u8bbe\u8ba1\u3001\u54a8\u8be2<\/option><option value=\"\u653f\u5e9c\u673a\u5173\u3001\u6559\u80b2\u3001\u7814\u7a76\u673a\u6784\">\u653f\u5e9c\u673a\u5173\u3001\u6559\u80b2\u3001\u7814\u7a76\u673a\u6784<\/option><option value=\"\u5546\u793e\">\u5546\u793e<\/option><option value=\"\u5176\u4ed6\u884c\u4e1a\u3001\u56e2\u4f53\">\u5176\u4ed6\u884c\u4e1a\u3001\u56e2\u4f53<\/option><\/select>\n\t\t\t\t<span class=\"smf-select-control__toggle\"><\/span>\n\t\t\t<\/div>\n\t\t\t<\/div>\n<\/div><\/div><\/div>\n\n\n\n<div class=\"wp-block-snow-monkey-forms-item smf-item has-zip\"><div class=\"smf-item__col smf-item__col--label\"><div class=\"smf-item__label\"><span class=\"smf-item__label__text\">\u90ae\u653f\u7f16\u7801<\/span><\/div><\/div><div class=\"smf-item__col smf-item__col--controls\"><div class=\"smf-item__controls\">\n<p>\u3012<\/p>\n\n\n\n<div class=\"smf-placeholder\" data-name=\"billing_postcode\"><div class=\"smf-text-control\">\n\t\t\t\t<input type=\"text\" name=\"billing_postcode\" value=\"\" placeholder=\"\u8bf7\u4ee5\u7528\u534a\u89d2\u82f1\u6587\u6570\u5b57\u8fdb\u884c\u586b\u5199\" class=\"smf-text-control__control\">\n\t\t\t<\/div>\n\t\t\t<\/div>\n<\/div><\/div><\/div>\n\n\n\n<div class=\"wp-block-snow-monkey-forms-item smf-item\"><div class=\"smf-item__col smf-item__col--label\"><div class=\"smf-item__label\"><span class=\"smf-item__label__text\">\u5730\u533a<span class=\"sme-text-color has-sm-sub-accent-color\">*<\/span><\/span><\/div><\/div><div class=\"smf-item__col smf-item__col--controls\"><div class=\"smf-item__controls\">\n<div class=\"smf-placeholder\" data-name=\"billing_state\"><div class=\"smf-select-control\">\n\t\t\t\t<select name=\"billing_state\" class=\"smf-select-control__control  validate[required]\"><option value=\"\" selected=\"1\">\u8bf7\u9009\u62e9\u4ee5\u4e0b\u9009\u9879<\/option><option value=\"\u4e2d\u56fd\">\u4e2d\u56fd<\/option><option value=\"\u53f0\u6e7e\">\u53f0\u6e7e<\/option><option value=\"\u9999\u6e2f\">\u9999\u6e2f<\/option><\/select>\n\t\t\t\t<span class=\"smf-select-control__toggle\"><\/span>\n\t\t\t<\/div>\n\t\t\t<\/div>\n<\/div><\/div><\/div>\n\n\n\n<div class=\"wp-block-snow-monkey-forms-item smf-item\"><div class=\"smf-item__col smf-item__col--label\"><div class=\"smf-item__label\"><span class=\"smf-item__label__text\">\u5730\u5740<span class=\"sme-text-color has-sm-sub-accent-color\">*<\/span><\/span><\/div><\/div><div class=\"smf-item__col smf-item__col--controls\"><div class=\"smf-item__controls\">\n<div class=\"smf-placeholder\" data-name=\"billing_address_1\"><div class=\"smf-text-control\">\n\t\t\t\t<input type=\"text\" name=\"billing_address_1\" value=\"\" placeholder=\"\u4f8b\u5982\uff1a\u795e\u5948\u5ddd\u53bf\u5ddd\u5d0e\u5e02\u5bab\u524d\u533a\u6709\u9a6c2-8-24\" class=\"smf-text-control__control  validate[required]\">\n\t\t\t<\/div>\n\t\t\t<\/div>\n\n\n\n<p class=\"form_note\">\u82f1\u6587\u6570\u5b57\u4e3a\u534a\u89d2<\/p>\n<\/div><\/div><\/div>\n\n\n\n<div class=\"wp-block-snow-monkey-forms-item smf-item\"><div class=\"smf-item__col smf-item__col--label\"><div class=\"smf-item__label\"><span class=\"smf-item__label__text\">\u7535\u8bdd\u53f7\u7801<span class=\"sme-text-color has-sm-sub-accent-color\">*<\/span><\/span><\/div><\/div><div class=\"smf-item__col smf-item__col--controls\"><div class=\"smf-item__controls\">\n<div class=\"smf-placeholder\" data-name=\"billing_phone\"><div class=\"smf-text-control\">\n\t\t\t\t<input type=\"tel\" name=\"billing_phone\" value=\"\" placeholder=\"\u8bf7\u4ee5\u7528\u534a\u89d2\u82f1\u6587\u6570\u5b57\u8fdb\u884c\u586b\u5199\" autocomplete=\"tel-national\" class=\"smf-text-control__control  validate[required,custom[hyphenreqnumber]]\">\n\t\t\t<\/div>\n\t\t\t<\/div>\n\n\n\n<p class=\"form_note\">\u8bf7\u8f93\u5165\u8fde\u5b57\u7b26<\/p>\n<\/div><\/div><\/div>\n\n\n\n<div class=\"wp-block-snow-monkey-forms-item smf-item\"><div class=\"smf-item__col smf-item__col--label\"><div class=\"smf-item__label\"><span class=\"smf-item__label__text\">\u4f20\u771f\u53f7\u7801<\/span><\/div><\/div><div class=\"smf-item__col smf-item__col--controls\"><div class=\"smf-item__controls\">\n<div class=\"smf-placeholder\" data-name=\"fax\"><div class=\"smf-text-control\">\n\t\t\t\t<input type=\"tel\" name=\"fax\" value=\"\" placeholder=\"\u8bf7\u4ee5\u7528\u534a\u89d2\u82f1\u6587\u6570\u5b57\u8fdb\u884c\u586b\u5199\" autocomplete=\"tel-national\" class=\"smf-text-control__control validate[custom[hyphenreqnumber]]\">\n\t\t\t<\/div>\n\t\t\t<\/div>\n\n\n\n<p class=\"form_note\">\u8bf7\u8f93\u5165\u8fde\u5b57\u7b26<\/p>\n<\/div><\/div><\/div>\n\n\n\n<div class=\"wp-block-snow-monkey-forms-item smf-item\"><div class=\"smf-item__col smf-item__col--label\"><div class=\"smf-item__label\"><span class=\"smf-item__label__text\">\u8bf7\u8f93\u5165\u67e5\u8be2\u5185\u5bb9<\/span><\/div><\/div><div class=\"smf-item__col smf-item__col--controls\"><div class=\"smf-item__controls\">\n<div class=\"smf-placeholder\" data-name=\"note\"><div class=\"smf-textarea-control\">\n\t\t\t\t<textarea name=\"note\" rows=\"5\" placeholder=\"\u8bf7\u8f93\u5165\" class=\"smf-textarea-control__control\"><\/textarea>\n\t\t\t<\/div>\n\t\t\t<\/div>\n<\/div><\/div><\/div>\n\n\n\n<h3 class=\"wp-block-heading\">\u5173\u4e8e\u4e2a\u4eba\u4fe1\u606f\u5904\u7406<\/h3>\n\n\n\n<p>\u6709\u5173\u60a8\u6240\u63d0\u4ea4\u7684\u4e2a\u4eba\u4fe1\u606f\u7684\u5904\u7406\uff0c\u8bf7\u786e\u8ba4\u201c<a href=\"\/zh\/privacy-policy\/\" target=\"_blank\" rel=\"noreferrer noopener\">\u9690\u79c1\u653f\u7b56<\/a>\u201d<\/p>\n<\/div>\n\n\t<div class=\"smf-action\">\n\t\t\t<\/div>\n\n\t<div class=\"smf-system-error-content-ready\">\n\t\tAn unexpected problem has occurred. Please try again later or contact your administrator by other means.\t<\/div>\n\n\t<input type=\"hidden\" name=\"snow-monkey-forms-meta[formid]\" value=\"12808\">\t<\/form>\n<\/div><\/div><\/div><\/div><\/div>\n","protected":false},"excerpt":{"rendered":"<p>\u54a8\u8be2\u8868\u5355<\/p>\n","protected":false},"author":3,"featured_media":0,"parent":8121,"menu_order":0,"comment_status":"closed","ping_status":"closed","template":"page-templates\/blank-content.php","meta":{"_acf_changed":false,"_locale":"zh_CN","_original_post":"https:\/\/www.nikkidenso.co.jp\/cms\/?page_id=2036","footnotes":"","wp-seo-meta-description":"","wp-seo-meta-robots":[]},"class_list":{"0":"post-8123","1":"page","2":"type-page","3":"status-publish","5":"zh-CN","6":"c-entry"},"acf":[],"_links":{"self":[{"href":"https:\/\/www.nikkidenso.co.jp\/wp-json\/wp\/v2\/pages\/8123","targetHints":{"allow":["GET"]}}],"collection":[{"href":"https:\/\/www.nikkidenso.co.jp\/wp-json\/wp\/v2\/pages"}],"about":[{"href":"https:\/\/www.nikkidenso.co.jp\/wp-json\/wp\/v2\/types\/page"}],"author":[{"embeddable":true,"href":"https:\/\/www.nikkidenso.co.jp\/wp-json\/wp\/v2\/users\/3"}],"replies":[{"embeddable":true,"href":"https:\/\/www.nikkidenso.co.jp\/wp-json\/wp\/v2\/comments?post=8123"}],"version-history":[{"count":4,"href":"https:\/\/www.nikkidenso.co.jp\/wp-json\/wp\/v2\/pages\/8123\/revisions"}],"predecessor-version":[{"id":13068,"href":"https:\/\/www.nikkidenso.co.jp\/wp-json\/wp\/v2\/pages\/8123\/revisions\/13068"}],"up":[{"embeddable":true,"href":"https:\/\/www.nikkidenso.co.jp\/wp-json\/wp\/v2\/pages\/8121"}],"wp:attachment":[{"href":"https:\/\/www.nikkidenso.co.jp\/wp-json\/wp\/v2\/media?parent=8123"}],"curies":[{"name":"wp","href":"https:\/\/api.w.org\/{rel}","templated":true}]}}